{"id":3317,"date":"2021-12-15T12:19:43","date_gmt":"2021-12-15T12:19:43","guid":{"rendered":"https:\/\/mostwastl.com\/location-and-arrival\/"},"modified":"2025-02-27T08:41:53","modified_gmt":"2025-02-27T08:41:53","slug":"location-and-arrival","status":"publish","type":"page","link":"https:\/\/mostwastl.com\/en\/location-and-arrival\/","title":{"rendered":"Location and arrival"},"content":{"rendered":"\t\t<div data-elementor-type=\"wp-page\" data-elementor-id=\"3317\" class=\"elementor elementor-3317 elementor-16\" data-elementor-post-type=\"page\">\n\t\t\t\t\t\t<section class=\"elementor-section elementor-top-section elementor-element elementor-element-7b7fce8 elementor-section-boxed elementor-section-height-default elementor-section-height-default\" data-id=\"7b7fce8\" data-element_type=\"section\" data-e-type=\"section\" data-settings=\"{&quot;background_background&quot;:&quot;classic&quot;}\">\n\t\t\t\t\t\t\t<div class=\"elementor-background-overlay\"><\/div>\n\t\t\t\t\t\t\t<div class=\"elementor-container elementor-column-gap-default\">\n\t\t\t\t\t<div class=\"elementor-column elementor-col-100 elementor-top-column elementor-element elementor-element-230f03e2\" data-id=\"230f03e2\" data-element_type=\"column\" data-e-type=\"column\">\n\t\t\t<div class=\"elementor-widget-wrap elementor-element-populated\">\n\t\t\t\t\t\t<div class=\"elementor-element elementor-element-7e6e35e2 elementor-widget elementor-widget-spacer\" data-id=\"7e6e35e2\" data-element_type=\"widget\" data-e-type=\"widget\" data-widget_type=\"spacer.default\">\n\t\t\t\t<div class=\"elementor-widget-container\">\n\t\t\t\t\t\t\t<div class=\"elementor-spacer\">\n\t\t\t<div class=\"elementor-spacer-inner\"><\/div>\n\t\t<\/div>\n\t\t\t\t\t\t<\/div>\n\t\t\t\t<\/div>\n\t\t\t\t\t<\/div>\n\t\t<\/div>\n\t\t\t\t\t<\/div>\n\t\t<\/section>\n\t\t\t\t<section class=\"elementor-section elementor-top-section elementor-element elementor-element-4836fd50 elementor-section-full_width elementor-section-height-default elementor-section-height-default\" data-id=\"4836fd50\" data-element_type=\"section\" data-e-type=\"section\">\n\t\t\t\t\t\t<div class=\"elementor-container elementor-column-gap-default\">\n\t\t\t\t\t<div class=\"elementor-column elementor-col-100 elementor-top-column elementor-element elementor-element-1dc31bd8\" data-id=\"1dc31bd8\" data-element_type=\"column\" data-e-type=\"column\">\n\t\t\t<div class=\"elementor-widget-wrap elementor-element-populated\">\n\t\t\t\t\t\t<div class=\"elementor-element elementor-element-46a689d4 headline-above elementor-widget elementor-widget-heading\" data-id=\"46a689d4\" data-element_type=\"widget\" data-e-type=\"widget\" data-widget_type=\"heading.default\">\n\t\t\t\t<div class=\"elementor-widget-container\">\n\t\t\t\t\t<h2 class=\"elementor-heading-title elementor-size-default\">How you can find us<\/h2>\t\t\t\t<\/div>\n\t\t\t\t<\/div>\n\t\t\t\t<div class=\"elementor-element elementor-element-5bf55819 elementor-widget elementor-widget-heading\" data-id=\"5bf55819\" data-element_type=\"widget\" data-e-type=\"widget\" data-widget_type=\"heading.default\">\n\t\t\t\t<div class=\"elementor-widget-container\">\n\t\t\t\t\t<h1 class=\"elementor-heading-title elementor-size-default\">Directions to the Mostwastl<\/h1>\t\t\t\t<\/div>\n\t\t\t\t<\/div>\n\t\t\t\t<div class=\"elementor-element elementor-element-9ef6970 elementor-widget elementor-widget-text-editor\" data-id=\"9ef6970\" data-element_type=\"widget\" data-e-type=\"widget\" data-widget_type=\"text-editor.default\">\n\t\t\t\t<div class=\"elementor-widget-container\">\n\t\t\t\t\t\t\t\t\tLeave the A10 at the exit Gr\u00f6dig, then drive through the center of Gr\u00f6dig (for about 4km) and you are already at our hotel.\r\n<br>\r\nComing from Salzburg city take the Nonntaler Hauptstra\u00dfe and then the Berchtesgadnerstra\u00dfe. Then you pass the Pflegerbr\u00fccke and reach Mostwastlweg 3.\t\t\t\t\t\t\t\t<\/div>\n\t\t\t\t<\/div>\n\t\t\t\t<div class=\"elementor-element elementor-element-411d43f elementor-align-center elementor-widget elementor-widget-button\" data-id=\"411d43f\" data-element_type=\"widget\" data-e-type=\"widget\" data-widget_type=\"button.default\">\n\t\t\t\t<div class=\"elementor-widget-container\">\n\t\t\t\t\t\t\t\t\t<div class=\"elementor-button-wrapper\">\n\t\t\t\t\t<a class=\"elementor-button elementor-button-link elementor-size-sm\" href=\"https:\/\/www.google.at\/maps\/dir\/47.1957504,10.6725376\/Mostwastlweg+3,+Salzburg\/@47.5269396,11.2554347,9z\/data=!3m1!4b1!4m9!4m8!1m1!4e1!1m5!1m1!1s0x47769174a596dcb5:0x749f706062cd2aa4!2m2!1d13.0341625!2d47.7547373\" target=\"_blank\">\n\t\t\t\t\t\t<span class=\"elementor-button-content-wrapper\">\n\t\t\t\t\t\t<span class=\"elementor-button-icon\">\n\t\t\t\t<i aria-hidden=\"true\" class=\"fas fa-angle-double-right\"><\/i>\t\t\t<\/span>\n\t\t\t\t\t\t\t\t\t<span class=\"elementor-button-text\">Google Maps route planner<\/span>\n\t\t\t\t\t<\/span>\n\t\t\t\t\t<\/a>\n\t\t\t\t<\/div>\n\t\t\t\t\t\t\t\t<\/div>\n\t\t\t\t<\/div>\n\t\t\t\t<div class=\"elementor-element elementor-element-a840eaa elementor-widget elementor-widget-heading\" data-id=\"a840eaa\" data-element_type=\"widget\" data-e-type=\"widget\" data-widget_type=\"heading.default\">\n\t\t\t\t<div class=\"elementor-widget-container\">\n\t\t\t\t\t<h2 class=\"elementor-heading-title elementor-size-default\">Are you traveling by train or plane?<\/h2>\t\t\t\t<\/div>\n\t\t\t\t<\/div>\n\t\t\t\t<div class=\"elementor-element elementor-element-554d574 elementor-align-center elementor-widget elementor-widget-button\" data-id=\"554d574\" data-element_type=\"widget\" data-e-type=\"widget\" data-widget_type=\"button.default\">\n\t\t\t\t<div class=\"elementor-widget-container\">\n\t\t\t\t\t\t\t\t\t<div class=\"elementor-button-wrapper\">\n\t\t\t\t\t<a class=\"elementor-button elementor-button-link elementor-size-sm\" href=\"https:\/\/www.salzburg-airport.com\/en\/flights-arrival\/arrival-to-the-airport\/car-rentals\" target=\"_blank\">\n\t\t\t\t\t\t<span class=\"elementor-button-content-wrapper\">\n\t\t\t\t\t\t<span class=\"elementor-button-icon\">\n\t\t\t\t<i aria-hidden=\"true\" class=\"fas fa-angle-double-right\"><\/i>\t\t\t<\/span>\n\t\t\t\t\t\t\t\t\t<span class=\"elementor-button-text\">take a rental car<\/span>\n\t\t\t\t\t<\/span>\n\t\t\t\t\t<\/a>\n\t\t\t\t<\/div>\n\t\t\t\t\t\t\t\t<\/div>\n\t\t\t\t<\/div>\n\t\t\t\t\t<\/div>\n\t\t<\/div>\n\t\t\t\t\t<\/div>\n\t\t<\/section>\n\t\t\t\t<section class=\"elementor-section elementor-top-section elementor-element elementor-element-1e4bc446 elementor-section-full_width elementor-section-height-default elementor-section-height-default elementor-invisible\" data-id=\"1e4bc446\" data-element_type=\"section\" data-e-type=\"section\" data-settings=\"{&quot;animation&quot;:&quot;slideInUp&quot;}\">\n\t\t\t\t\t\t<div class=\"elementor-container elementor-column-gap-default\">\n\t\t\t\t\t<div class=\"elementor-column elementor-col-50 elementor-top-column elementor-element elementor-element-4e0c21a7\" data-id=\"4e0c21a7\" data-element_type=\"column\" data-e-type=\"column\" data-settings=\"{&quot;background_background&quot;:&quot;classic&quot;}\">\n\t\t\t<div class=\"elementor-widget-wrap elementor-element-populated\">\n\t\t\t\t\t\t<div class=\"elementor-element elementor-element-87d215d elementor-widget elementor-widget-osm-map-elementor\" data-id=\"87d215d\" data-element_type=\"widget\" data-e-type=\"widget\" data-widget_type=\"osm-map-elementor.default\">\n\t\t\t\t<div class=\"elementor-widget-container\">\n\t\t\t\t\t<div id=\"osm-map-87d215d\" \n        class=\"osm-map-container\" \n        data-center=\"47.755452334404,13.034205751515\"><\/div>        <script type=\"text\/javascript\">\n                    <\/script>\n        \t\t\t\t<\/div>\n\t\t\t\t<\/div>\n\t\t\t\t\t<\/div>\n\t\t<\/div>\n\t\t\t\t<div class=\"elementor-column elementor-col-50 elementor-top-column elementor-element elementor-element-610f7897\" data-id=\"610f7897\" data-element_type=\"column\" data-e-type=\"column\" data-settings=\"{&quot;background_background&quot;:&quot;classic&quot;}\">\n\t\t\t<div class=\"elementor-widget-wrap elementor-element-populated\">\n\t\t\t\t\t\t<div class=\"elementor-element elementor-element-689760a3 elementor-widget elementor-widget-heading\" data-id=\"689760a3\" data-element_type=\"widget\" data-e-type=\"widget\" data-widget_type=\"heading.default\">\n\t\t\t\t<div class=\"elementor-widget-container\">\n\t\t\t\t\t<h2 class=\"elementor-heading-title elementor-size-default\">Location<\/h2>\t\t\t\t<\/div>\n\t\t\t\t<\/div>\n\t\t\t\t<div class=\"elementor-element elementor-element-7c4a368e elementor-widget elementor-widget-text-editor\" data-id=\"7c4a368e\" data-element_type=\"widget\" data-e-type=\"widget\" data-widget_type=\"text-editor.default\">\n\t\t\t\t<div class=\"elementor-widget-container\">\n\t\t\t\t\t\t\t\t\t<p>Our Hotel Gasthof Mostwastl is located only about 5km south of the old town of Salzburg and offers the perfect starting point for a varied city trip or an unforgettable excursion in the Flachgau.<\/p>\n\t\t\t\t\t\t\t\t<\/div>\n\t\t\t\t<\/div>\n\t\t\t\t\t<\/div>\n\t\t<\/div>\n\t\t\t\t\t<\/div>\n\t\t<\/section>\n\t\t\t\t<section class=\"elementor-section elementor-top-section elementor-element elementor-element-79e6ecbd elementor-section-full_width elementor-section-height-default elementor-section-height-default\" data-id=\"79e6ecbd\" data-element_type=\"section\" data-e-type=\"section\">\n\t\t\t\t\t\t<div class=\"elementor-container elementor-column-gap-default\">\n\t\t\t\t\t<div class=\"elementor-column elementor-col-100 elementor-top-column elementor-element elementor-element-70352ff8\" data-id=\"70352ff8\" data-element_type=\"column\" data-e-type=\"column\">\n\t\t\t<div class=\"elementor-widget-wrap elementor-element-populated\">\n\t\t\t\t\t\t<div class=\"elementor-element elementor-element-434c6ffa headline-above elementor-widget elementor-widget-heading\" data-id=\"434c6ffa\" data-element_type=\"widget\" data-e-type=\"widget\" data-widget_type=\"heading.default\">\n\t\t\t\t<div class=\"elementor-widget-container\">\n\t\t\t\t\t<h2 class=\"elementor-heading-title elementor-size-default\"> <\/h2>\t\t\t\t<\/div>\n\t\t\t\t<\/div>\n\t\t\t\t<div class=\"elementor-element elementor-element-74cc88d9 elementor-widget elementor-widget-heading\" data-id=\"74cc88d9\" data-element_type=\"widget\" data-e-type=\"widget\" data-widget_type=\"heading.default\">\n\t\t\t\t<div class=\"elementor-widget-container\">\n\t\t\t\t\t<h1 class=\"elementor-heading-title elementor-size-default\">Off to the city of Salzburg!<\/h1>\t\t\t\t<\/div>\n\t\t\t\t<\/div>\n\t\t\t\t<section class=\"elementor-section elementor-inner-section elementor-element elementor-element-f87cd5a elementor-section-boxed elementor-section-height-default elementor-section-height-default\" data-id=\"f87cd5a\" data-element_type=\"section\" data-e-type=\"section\">\n\t\t\t\t\t\t<div class=\"elementor-container elementor-column-gap-default\">\n\t\t\t\t\t<div class=\"elementor-column elementor-col-33 elementor-inner-column elementor-element elementor-element-7b59311\" data-id=\"7b59311\" data-element_type=\"column\" data-e-type=\"column\">\n\t\t\t<div class=\"elementor-widget-wrap elementor-element-populated\">\n\t\t\t\t\t\t<div class=\"elementor-element elementor-element-7656833c elementor-widget elementor-widget-text-editor\" data-id=\"7656833c\" data-element_type=\"widget\" data-e-type=\"widget\" data-widget_type=\"text-editor.default\">\n\t\t\t\t<div class=\"elementor-widget-container\">\n\t\t\t\t\t\t\t\t\t<h3>By car<\/h3>\n<p>Parking in the center<\/p>\n\t\t\t\t\t\t\t\t<\/div>\n\t\t\t\t<\/div>\n\t\t\t\t<div class=\"elementor-element elementor-element-e8c5288 elementor-align-center elementor-widget elementor-widget-button\" data-id=\"e8c5288\" data-element_type=\"widget\" data-e-type=\"widget\" data-widget_type=\"button.default\">\n\t\t\t\t<div class=\"elementor-widget-container\">\n\t\t\t\t\t\t\t\t\t<div class=\"elementor-button-wrapper\">\n\t\t\t\t\t<a class=\"elementor-button elementor-button-link elementor-size-sm\" href=\"https:\/\/www.mein-contipark.at\/parkplatz-finden?q=salzburg\" target=\"_blank\">\n\t\t\t\t\t\t<span class=\"elementor-button-content-wrapper\">\n\t\t\t\t\t\t<span class=\"elementor-button-icon\">\n\t\t\t\t<i aria-hidden=\"true\" class=\"fas fa-angle-double-right\"><\/i>\t\t\t<\/span>\n\t\t\t\t\t\t\t\t\t<span class=\"elementor-button-text\">Contipark<\/span>\n\t\t\t\t\t<\/span>\n\t\t\t\t\t<\/a>\n\t\t\t\t<\/div>\n\t\t\t\t\t\t\t\t<\/div>\n\t\t\t\t<\/div>\n\t\t\t\t\t<\/div>\n\t\t<\/div>\n\t\t\t\t<div class=\"elementor-column elementor-col-33 elementor-inner-column elementor-element elementor-element-f90247f\" data-id=\"f90247f\" data-element_type=\"column\" data-e-type=\"column\">\n\t\t\t<div class=\"elementor-widget-wrap elementor-element-populated\">\n\t\t\t\t\t\t<div class=\"elementor-element elementor-element-604d9d5 elementor-widget elementor-widget-text-editor\" data-id=\"604d9d5\" data-element_type=\"widget\" data-e-type=\"widget\" data-widget_type=\"text-editor.default\">\n\t\t\t\t<div class=\"elementor-widget-container\">\n\t\t\t\t\t\t\t\t\t<h3>By taxi<\/h3>\n<p>Tel: +43 662 8111<\/p>\n\t\t\t\t\t\t\t\t<\/div>\n\t\t\t\t<\/div>\n\t\t\t\t<div class=\"elementor-element elementor-element-07dbed3 elementor-align-center elementor-widget elementor-widget-button\" data-id=\"07dbed3\" data-element_type=\"widget\" data-e-type=\"widget\" data-widget_type=\"button.default\">\n\t\t\t\t<div class=\"elementor-widget-container\">\n\t\t\t\t\t\t\t\t\t<div class=\"elementor-button-wrapper\">\n\t\t\t\t\t<a class=\"elementor-button elementor-button-link elementor-size-sm\" href=\"https:\/\/www.taxi.at\/\" target=\"_blank\">\n\t\t\t\t\t\t<span class=\"elementor-button-content-wrapper\">\n\t\t\t\t\t\t<span class=\"elementor-button-icon\">\n\t\t\t\t<i aria-hidden=\"true\" class=\"fas fa-angle-double-right\"><\/i>\t\t\t<\/span>\n\t\t\t\t\t\t\t\t\t<span class=\"elementor-button-text\">Taxi Salzburg<\/span>\n\t\t\t\t\t<\/span>\n\t\t\t\t\t<\/a>\n\t\t\t\t<\/div>\n\t\t\t\t\t\t\t\t<\/div>\n\t\t\t\t<\/div>\n\t\t\t\t\t<\/div>\n\t\t<\/div>\n\t\t\t\t<div class=\"elementor-column elementor-col-33 elementor-inner-column elementor-element elementor-element-7faf2ce\" data-id=\"7faf2ce\" data-element_type=\"column\" data-e-type=\"column\">\n\t\t\t<div class=\"elementor-widget-wrap elementor-element-populated\">\n\t\t\t\t\t\t<div class=\"elementor-element elementor-element-27d23a8 elementor-widget elementor-widget-text-editor\" data-id=\"27d23a8\" data-element_type=\"widget\" data-e-type=\"widget\" data-widget_type=\"text-editor.default\">\n\t\t\t\t<div class=\"elementor-widget-container\">\n\t\t\t\t\t\t\t\t\t<h3>By bus<\/h3>\n<p>Bus line 5 &#8211; stop &#8220;Pflegerbr\u00fccke<\/p>\n\t\t\t\t\t\t\t\t<\/div>\n\t\t\t\t<\/div>\n\t\t\t\t<div class=\"elementor-element elementor-element-f6af935 elementor-align-center elementor-widget elementor-widget-button\" data-id=\"f6af935\" data-element_type=\"widget\" data-e-type=\"widget\" data-widget_type=\"button.default\">\n\t\t\t\t<div class=\"elementor-widget-container\">\n\t\t\t\t\t\t\t\t\t<div class=\"elementor-button-wrapper\">\n\t\t\t\t\t<a class=\"elementor-button elementor-button-link elementor-size-sm\" href=\"https:\/\/www.salzburg-ag.at\/bus-bahn\/fahrplan\/fahrplan.html\" target=\"_blank\">\n\t\t\t\t\t\t<span class=\"elementor-button-content-wrapper\">\n\t\t\t\t\t\t<span class=\"elementor-button-icon\">\n\t\t\t\t<i aria-hidden=\"true\" class=\"fas fa-angle-double-right\"><\/i>\t\t\t<\/span>\n\t\t\t\t\t\t\t\t\t<span class=\"elementor-button-text\">Salzburg Timetable<\/span>\n\t\t\t\t\t<\/span>\n\t\t\t\t\t<\/a>\n\t\t\t\t<\/div>\n\t\t\t\t\t\t\t\t<\/div>\n\t\t\t\t<\/div>\n\t\t\t\t\t<\/div>\n\t\t<\/div>\n\t\t\t\t\t<\/div>\n\t\t<\/section>\n\t\t\t\t\t<\/div>\n\t\t<\/div>\n\t\t\t\t\t<\/div>\n\t\t<\/section>\n\t\t\t\t<\/div>\n\t\t","protected":false},"excerpt":{"rendered":"<p>How you can find us Directions to the Mostwastl Leave the A10 at the exit Gr\u00f6dig, then drive through the center of Gr\u00f6dig (for about 4km) and you are already at our hotel. Coming from Salzburg city take the Nonntaler Hauptstra\u00dfe and then the Berchtesgadnerstra\u00dfe. Then you pass the Pflegerbr\u00fccke and reach Mostwastlweg 3. Google [&hellip;]<\/p>\n","protected":false},"author":1,"featured_media":0,"parent":0,"menu_order":5,"comment_status":"closed","ping_status":"closed","template":"","meta":{"_acf_changed":false,"footnotes":""},"class_list":["post-3317","page","type-page","status-publish","hentry"],"acf":[],"yoast_head":"<!-- This site is optimized with the Yoast SEO plugin v27.5 - https:\/\/yoast.com\/product\/yoast-seo-wordpress\/ -->\n<title>Hotel Gasthof Mostwastl | Salzburg | Location - Arrival<\/title>\n<meta name=\"description\" content=\"Traditional business in an idyllic location. \u3009 Close to the old town of Salzburg \u3009 Restaurant with beautiful guest garden \u3009 Bar \u3009 Modern, cozy rooms.\" \/>\n<meta name=\"robots\" content=\"index, follow, max-snippet:-1, max-image-preview:large, max-video-preview:-1\" \/>\n<link rel=\"canonical\" href=\"https:\/\/mostwastl.com\/en\/location-and-arrival\/\" \/>\n<meta property=\"og:locale\" content=\"en_US\" \/>\n<meta property=\"og:type\" content=\"article\" \/>\n<meta property=\"og:title\" content=\"Hotel Gasthof Mostwastl | Salzburg | Location - Arrival\" \/>\n<meta property=\"og:description\" content=\"Traditional business in an idyllic location. \u3009 Close to the old town of Salzburg \u3009 Restaurant with beautiful guest garden \u3009 Bar \u3009 Modern, cozy rooms.\" \/>\n<meta property=\"og:url\" content=\"https:\/\/mostwastl.com\/en\/location-and-arrival\/\" \/>\n<meta property=\"og:site_name\" content=\"Mostwastl\" \/>\n<meta property=\"article:modified_time\" content=\"2025-02-27T08:41:53+00:00\" \/>\n<meta name=\"twitter:card\" content=\"summary_large_image\" \/>\n<meta name=\"twitter:label1\" content=\"Est. reading time\" \/>\n\t<meta name=\"twitter:data1\" content=\"1 minute\" \/>\n<script type=\"application\/ld+json\" class=\"yoast-schema-graph\">{\"@context\":\"https:\\\/\\\/schema.org\",\"@graph\":[{\"@type\":\"WebPage\",\"@id\":\"https:\\\/\\\/mostwastl.com\\\/en\\\/location-and-arrival\\\/\",\"url\":\"https:\\\/\\\/mostwastl.com\\\/en\\\/location-and-arrival\\\/\",\"name\":\"Hotel Gasthof Mostwastl | Salzburg | Location - Arrival\",\"isPartOf\":{\"@id\":\"https:\\\/\\\/mostwastl.com\\\/en\\\/#website\"},\"datePublished\":\"2021-12-15T12:19:43+00:00\",\"dateModified\":\"2025-02-27T08:41:53+00:00\",\"description\":\"Traditional business in an idyllic location. \u3009 Close to the old town of Salzburg \u3009 Restaurant with beautiful guest garden \u3009 Bar \u3009 Modern, cozy rooms.\",\"breadcrumb\":{\"@id\":\"https:\\\/\\\/mostwastl.com\\\/en\\\/location-and-arrival\\\/#breadcrumb\"},\"inLanguage\":\"en-US\",\"potentialAction\":[{\"@type\":\"ReadAction\",\"target\":[\"https:\\\/\\\/mostwastl.com\\\/en\\\/location-and-arrival\\\/\"]}]},{\"@type\":\"BreadcrumbList\",\"@id\":\"https:\\\/\\\/mostwastl.com\\\/en\\\/location-and-arrival\\\/#breadcrumb\",\"itemListElement\":[{\"@type\":\"ListItem\",\"position\":1,\"name\":\"Startseite\",\"item\":\"https:\\\/\\\/mostwastl.com\\\/en\\\/\"},{\"@type\":\"ListItem\",\"position\":2,\"name\":\"Location and arrival\"}]},{\"@type\":\"WebSite\",\"@id\":\"https:\\\/\\\/mostwastl.com\\\/en\\\/#website\",\"url\":\"https:\\\/\\\/mostwastl.com\\\/en\\\/\",\"name\":\"Mostwastl\",\"description\":\"Hotel &amp; Gasthof in Salzburg\",\"publisher\":{\"@id\":\"https:\\\/\\\/mostwastl.com\\\/en\\\/#organization\"},\"potentialAction\":[{\"@type\":\"SearchAction\",\"target\":{\"@type\":\"EntryPoint\",\"urlTemplate\":\"https:\\\/\\\/mostwastl.com\\\/en\\\/?s={search_term_string}\"},\"query-input\":{\"@type\":\"PropertyValueSpecification\",\"valueRequired\":true,\"valueName\":\"search_term_string\"}}],\"inLanguage\":\"en-US\"},{\"@type\":\"Organization\",\"@id\":\"https:\\\/\\\/mostwastl.com\\\/en\\\/#organization\",\"name\":\"Mostwastl\",\"url\":\"https:\\\/\\\/mostwastl.com\\\/en\\\/\",\"logo\":{\"@type\":\"ImageObject\",\"inLanguage\":\"en-US\",\"@id\":\"https:\\\/\\\/mostwastl.com\\\/en\\\/#\\\/schema\\\/logo\\\/image\\\/\",\"url\":\"https:\\\/\\\/mostwastl.com\\\/wp-content\\\/uploads\\\/2021\\\/12\\\/final-logo-web.png\",\"contentUrl\":\"https:\\\/\\\/mostwastl.com\\\/wp-content\\\/uploads\\\/2021\\\/12\\\/final-logo-web.png\",\"width\":1609,\"height\":434,\"caption\":\"Mostwastl\"},\"image\":{\"@id\":\"https:\\\/\\\/mostwastl.com\\\/en\\\/#\\\/schema\\\/logo\\\/image\\\/\"}}]}<\/script>\n<!-- \/ Yoast SEO plugin. -->","yoast_head_json":{"title":"Hotel Gasthof Mostwastl | Salzburg | Location - Arrival","description":"Traditional business in an idyllic location. \u3009 Close to the old town of Salzburg \u3009 Restaurant with beautiful guest garden \u3009 Bar \u3009 Modern, cozy rooms.","robots":{"index":"index","follow":"follow","max-snippet":"max-snippet:-1","max-image-preview":"max-image-preview:large","max-video-preview":"max-video-preview:-1"},"canonical":"https:\/\/mostwastl.com\/en\/location-and-arrival\/","og_locale":"en_US","og_type":"article","og_title":"Hotel Gasthof Mostwastl | Salzburg | Location - Arrival","og_description":"Traditional business in an idyllic location. \u3009 Close to the old town of Salzburg \u3009 Restaurant with beautiful guest garden \u3009 Bar \u3009 Modern, cozy rooms.","og_url":"https:\/\/mostwastl.com\/en\/location-and-arrival\/","og_site_name":"Mostwastl","article_modified_time":"2025-02-27T08:41:53+00:00","twitter_card":"summary_large_image","twitter_misc":{"Est. reading time":"1 minute"},"schema":{"@context":"https:\/\/schema.org","@graph":[{"@type":"WebPage","@id":"https:\/\/mostwastl.com\/en\/location-and-arrival\/","url":"https:\/\/mostwastl.com\/en\/location-and-arrival\/","name":"Hotel Gasthof Mostwastl | Salzburg | Location - Arrival","isPartOf":{"@id":"https:\/\/mostwastl.com\/en\/#website"},"datePublished":"2021-12-15T12:19:43+00:00","dateModified":"2025-02-27T08:41:53+00:00","description":"Traditional business in an idyllic location. \u3009 Close to the old town of Salzburg \u3009 Restaurant with beautiful guest garden \u3009 Bar \u3009 Modern, cozy rooms.","breadcrumb":{"@id":"https:\/\/mostwastl.com\/en\/location-and-arrival\/#breadcrumb"},"inLanguage":"en-US","potentialAction":[{"@type":"ReadAction","target":["https:\/\/mostwastl.com\/en\/location-and-arrival\/"]}]},{"@type":"BreadcrumbList","@id":"https:\/\/mostwastl.com\/en\/location-and-arrival\/#breadcrumb","itemListElement":[{"@type":"ListItem","position":1,"name":"Startseite","item":"https:\/\/mostwastl.com\/en\/"},{"@type":"ListItem","position":2,"name":"Location and arrival"}]},{"@type":"WebSite","@id":"https:\/\/mostwastl.com\/en\/#website","url":"https:\/\/mostwastl.com\/en\/","name":"Mostwastl","description":"Hotel &amp; Gasthof in Salzburg","publisher":{"@id":"https:\/\/mostwastl.com\/en\/#organization"},"potentialAction":[{"@type":"SearchAction","target":{"@type":"EntryPoint","urlTemplate":"https:\/\/mostwastl.com\/en\/?s={search_term_string}"},"query-input":{"@type":"PropertyValueSpecification","valueRequired":true,"valueName":"search_term_string"}}],"inLanguage":"en-US"},{"@type":"Organization","@id":"https:\/\/mostwastl.com\/en\/#organization","name":"Mostwastl","url":"https:\/\/mostwastl.com\/en\/","logo":{"@type":"ImageObject","inLanguage":"en-US","@id":"https:\/\/mostwastl.com\/en\/#\/schema\/logo\/image\/","url":"https:\/\/mostwastl.com\/wp-content\/uploads\/2021\/12\/final-logo-web.png","contentUrl":"https:\/\/mostwastl.com\/wp-content\/uploads\/2021\/12\/final-logo-web.png","width":1609,"height":434,"caption":"Mostwastl"},"image":{"@id":"https:\/\/mostwastl.com\/en\/#\/schema\/logo\/image\/"}}]}},"_links":{"self":[{"href":"https:\/\/mostwastl.com\/en\/wp-json\/wp\/v2\/pages\/3317","targetHints":{"allow":["GET"]}}],"collection":[{"href":"https:\/\/mostwastl.com\/en\/wp-json\/wp\/v2\/pages"}],"about":[{"href":"https:\/\/mostwastl.com\/en\/wp-json\/wp\/v2\/types\/page"}],"author":[{"embeddable":true,"href":"https:\/\/mostwastl.com\/en\/wp-json\/wp\/v2\/users\/1"}],"replies":[{"embeddable":true,"href":"https:\/\/mostwastl.com\/en\/wp-json\/wp\/v2\/comments?post=3317"}],"version-history":[{"count":2,"href":"https:\/\/mostwastl.com\/en\/wp-json\/wp\/v2\/pages\/3317\/revisions"}],"predecessor-version":[{"id":5013,"href":"https:\/\/mostwastl.com\/en\/wp-json\/wp\/v2\/pages\/3317\/revisions\/5013"}],"wp:attachment":[{"href":"https:\/\/mostwastl.com\/en\/wp-json\/wp\/v2\/media?parent=3317"}],"curies":[{"name":"wp","href":"https:\/\/api.w.org\/{rel}","templated":true}]}}